{"id":2679,"date":"2026-02-08T10:43:36","date_gmt":"2026-02-08T09:43:36","guid":{"rendered":"https:\/\/www.senzera-skin.com\/?page_id=2679"},"modified":"2026-02-08T10:43:36","modified_gmt":"2026-02-08T09:43:36","slug":"peeling-treatments-4","status":"publish","type":"page","link":"https:\/\/www.senzera-skin.com\/en\/peeling-treatments-4\/","title":{"rendered":"Peeling Treatments"},"content":{"rendered":"","protected":false},"excerpt":{"rendered":"","protected":false},"author":6,"featured_media":0,"parent":0,"menu_order":0,"comment_status":"closed","ping_status":"closed","template":"","meta":{"_acf_changed":false,"footnotes":""},"class_list":["post-2679","page","type-page","status-publish","hentry"],"acf":[],"yoast_head":"<!-- This site is optimized with the Yoast SEO plugin v27.2 - https:\/\/yoast.com\/product\/yoast-seo-wordpress\/ -->\n<title>Retinolpeeling in K\u00f6ln | Ihre Hautexperten Senzera Skin beraten Sie<\/title>\n<meta name=\"description\" content=\"Retinol-Peeling bei Unreinheiten und R\u00f6tungen - Lassen Sie sich bei den Hautexperten von Senzera Skin in K\u00f6ln gratis beraten.\" \/>\n<meta name=\"robots\" content=\"index, follow, max-snippet:-1, max-image-preview:large, max-video-preview:-1\" \/>\n<link rel=\"canonical\" href=\"https:\/\/www.senzera-skin.com\/en\/peeling-treatments-4\/\" \/>\n<meta property=\"og:locale\" content=\"en_US\" \/>\n<meta property=\"og:type\" content=\"article\" \/>\n<meta property=\"og:title\" content=\"Retinolpeeling in K\u00f6ln | Ihre Hautexperten Senzera Skin beraten Sie\" \/>\n<meta property=\"og:description\" content=\"Retinol-Peeling bei Unreinheiten und R\u00f6tungen - Lassen Sie sich bei den Hautexperten von Senzera Skin in K\u00f6ln gratis beraten.\" \/>\n<meta property=\"og:url\" content=\"https:\/\/www.senzera-skin.com\/en\/peeling-treatments-4\/\" \/>\n<meta property=\"og:site_name\" content=\"Senzera Skin\" \/>\n<meta property=\"article:publisher\" content=\"https:\/\/www.facebook.com\/people\/Senzera-Skin-medical-beauty\/100053555873272\/\" \/>\n<meta name=\"twitter:card\" content=\"summary_large_image\" \/>\n<script type=\"application\/ld+json\" class=\"yoast-schema-graph\">{\"@context\":\"https:\/\/schema.org\",\"@graph\":[{\"@type\":\"WebPage\",\"@id\":\"https:\/\/www.senzera-skin.com\/en\/peeling-treatments-4\/\",\"url\":\"https:\/\/www.senzera-skin.com\/en\/peeling-treatments-4\/\",\"name\":\"Retinolpeeling in K\u00f6ln | Ihre Hautexperten Senzera Skin beraten Sie\",\"isPartOf\":{\"@id\":\"https:\/\/www.senzera-skin.com\/en\/#website\"},\"datePublished\":\"2026-02-08T09:43:36+00:00\",\"description\":\"Retinol-Peeling bei Unreinheiten und R\u00f6tungen - Lassen Sie sich bei den Hautexperten von Senzera Skin in K\u00f6ln gratis beraten.\",\"breadcrumb\":{\"@id\":\"https:\/\/www.senzera-skin.com\/en\/peeling-treatments-4\/#breadcrumb\"},\"inLanguage\":\"en-US\",\"potentialAction\":[{\"@type\":\"ReadAction\",\"target\":[\"https:\/\/www.senzera-skin.com\/en\/peeling-treatments-4\/\"]}]},{\"@type\":\"BreadcrumbList\",\"@id\":\"https:\/\/www.senzera-skin.com\/en\/peeling-treatments-4\/#breadcrumb\",\"itemListElement\":[{\"@type\":\"ListItem\",\"position\":1,\"name\":\"Startseite\",\"item\":\"https:\/\/www.senzera-skin.com\/en\/\"},{\"@type\":\"ListItem\",\"position\":2,\"name\":\"Peeling Treatments\"}]},{\"@type\":\"WebSite\",\"@id\":\"https:\/\/www.senzera-skin.com\/en\/#website\",\"url\":\"https:\/\/www.senzera-skin.com\/en\/\",\"name\":\"Senzera Skin\",\"description\":\"\",\"potentialAction\":[{\"@type\":\"SearchAction\",\"target\":{\"@type\":\"EntryPoint\",\"urlTemplate\":\"https:\/\/www.senzera-skin.com\/en\/?s={search_term_string}\"},\"query-input\":{\"@type\":\"PropertyValueSpecification\",\"valueRequired\":true,\"valueName\":\"search_term_string\"}}],\"inLanguage\":\"en-US\"}]}<\/script>\n<!-- \/ Yoast SEO plugin. -->","yoast_head_json":{"title":"Retinolpeeling in K\u00f6ln | Ihre Hautexperten Senzera Skin beraten Sie","description":"Retinol-Peeling bei Unreinheiten und R\u00f6tungen - Lassen Sie sich bei den Hautexperten von Senzera Skin in K\u00f6ln gratis beraten.","robots":{"index":"index","follow":"follow","max-snippet":"max-snippet:-1","max-image-preview":"max-image-preview:large","max-video-preview":"max-video-preview:-1"},"canonical":"https:\/\/www.senzera-skin.com\/en\/peeling-treatments-4\/","og_locale":"en_US","og_type":"article","og_title":"Retinolpeeling in K\u00f6ln | Ihre Hautexperten Senzera Skin beraten Sie","og_description":"Retinol-Peeling bei Unreinheiten und R\u00f6tungen - Lassen Sie sich bei den Hautexperten von Senzera Skin in K\u00f6ln gratis beraten.","og_url":"https:\/\/www.senzera-skin.com\/en\/peeling-treatments-4\/","og_site_name":"Senzera Skin","article_publisher":"https:\/\/www.facebook.com\/people\/Senzera-Skin-medical-beauty\/100053555873272\/","twitter_card":"summary_large_image","schema":{"@context":"https:\/\/schema.org","@graph":[{"@type":"WebPage","@id":"https:\/\/www.senzera-skin.com\/en\/peeling-treatments-4\/","url":"https:\/\/www.senzera-skin.com\/en\/peeling-treatments-4\/","name":"Retinolpeeling in K\u00f6ln | Ihre Hautexperten Senzera Skin beraten Sie","isPartOf":{"@id":"https:\/\/www.senzera-skin.com\/en\/#website"},"datePublished":"2026-02-08T09:43:36+00:00","description":"Retinol-Peeling bei Unreinheiten und R\u00f6tungen - Lassen Sie sich bei den Hautexperten von Senzera Skin in K\u00f6ln gratis beraten.","breadcrumb":{"@id":"https:\/\/www.senzera-skin.com\/en\/peeling-treatments-4\/#breadcrumb"},"inLanguage":"en-US","potentialAction":[{"@type":"ReadAction","target":["https:\/\/www.senzera-skin.com\/en\/peeling-treatments-4\/"]}]},{"@type":"BreadcrumbList","@id":"https:\/\/www.senzera-skin.com\/en\/peeling-treatments-4\/#breadcrumb","itemListElement":[{"@type":"ListItem","position":1,"name":"Startseite","item":"https:\/\/www.senzera-skin.com\/en\/"},{"@type":"ListItem","position":2,"name":"Peeling Treatments"}]},{"@type":"WebSite","@id":"https:\/\/www.senzera-skin.com\/en\/#website","url":"https:\/\/www.senzera-skin.com\/en\/","name":"Senzera Skin","description":"","potentialAction":[{"@type":"SearchAction","target":{"@type":"EntryPoint","urlTemplate":"https:\/\/www.senzera-skin.com\/en\/?s={search_term_string}"},"query-input":{"@type":"PropertyValueSpecification","valueRequired":true,"valueName":"search_term_string"}}],"inLanguage":"en-US"}]}},"_links":{"self":[{"href":"https:\/\/www.senzera-skin.com\/en\/wp-json\/wp\/v2\/pages\/2679","targetHints":{"allow":["GET"]}}],"collection":[{"href":"https:\/\/www.senzera-skin.com\/en\/wp-json\/wp\/v2\/pages"}],"about":[{"href":"https:\/\/www.senzera-skin.com\/en\/wp-json\/wp\/v2\/types\/page"}],"author":[{"embeddable":true,"href":"https:\/\/www.senzera-skin.com\/en\/wp-json\/wp\/v2\/users\/6"}],"replies":[{"embeddable":true,"href":"https:\/\/www.senzera-skin.com\/en\/wp-json\/wp\/v2\/comments?post=2679"}],"version-history":[{"count":1,"href":"https:\/\/www.senzera-skin.com\/en\/wp-json\/wp\/v2\/pages\/2679\/revisions"}],"predecessor-version":[{"id":2680,"href":"https:\/\/www.senzera-skin.com\/en\/wp-json\/wp\/v2\/pages\/2679\/revisions\/2680"}],"wp:attachment":[{"href":"https:\/\/www.senzera-skin.com\/en\/wp-json\/wp\/v2\/media?parent=2679"}],"curies":[{"name":"wp","href":"https:\/\/api.w.org\/{rel}","templated":true}]}}